{"id":4508,"date":"2022-05-20T10:44:07","date_gmt":"2022-05-20T10:44:07","guid":{"rendered":"https:\/\/charleval.zwa.fr\/?page_id=4508"},"modified":"2022-05-24T06:27:39","modified_gmt":"2022-05-24T06:27:39","slug":"schloss-charleval","status":"publish","type":"page","link":"https:\/\/www.chateau-charleval.fr\/de\/schloss-charleval\/","title":{"rendered":"Schloss Charleval"},"content":{"rendered":"\t\t<div data-elementor-type=\"wp-page\" data-elementor-id=\"4508\" class=\"elementor elementor-4508 elementor-507\" data-elementor-post-type=\"page\">\n\t\t\t\t\t\t<section class=\"elementor-section elementor-top-section elementor-element elementor-element-3c38f2b9 elementor-section-boxed elementor-section-height-default elementor-section-height-default\" data-id=\"3c38f2b9\" data-element_type=\"section\">\n\t\t\t\t\t\t<div class=\"elementor-container elementor-column-gap-default\">\n\t\t\t\t\t<div class=\"elementor-column elementor-col-100 elementor-top-column elementor-element elementor-element-3c687498\" data-id=\"3c687498\" data-element_type=\"column\">\n\t\t\t<div class=\"elementor-widget-wrap elementor-element-populated\">\n\t\t\t\t\t\t<div class=\"elementor-element elementor-element-6b07ea29 elementor-widget elementor-widget-heading\" data-id=\"6b07ea29\" data-element_type=\"widget\" data-widget_type=\"heading.default\">\n\t\t\t\t<div class=\"elementor-widget-container\">\n\t\t\t<style>\/*! elementor - v3.23.0 - 05-08-2024 *\/\n.elementor-heading-title{padding:0;margin:0;line-height:1}.elementor-widget-heading .elementor-heading-title[class*=elementor-size-]>a{color:inherit;font-size:inherit;line-height:inherit}.elementor-widget-heading .elementor-heading-title.elementor-size-small{font-size:15px}.elementor-widget-heading .elementor-heading-title.elementor-size-medium{font-size:19px}.elementor-widget-heading .elementor-heading-title.elementor-size-large{font-size:29px}.elementor-widget-heading .elementor-heading-title.elementor-size-xl{font-size:39px}.elementor-widget-heading .elementor-heading-title.elementor-size-xxl{font-size:59px}<\/style><h1 class=\"elementor-heading-title elementor-size-default\">Seite Schloss Charleval<\/h1>\t\t<\/div>\n\t\t\t\t<\/div>\n\t\t\t\t\t<\/div>\n\t\t<\/div>\n\t\t\t\t\t<\/div>\n\t\t<\/section>\n\t\t\t\t<section class=\"elementor-section elementor-top-section elementor-element elementor-element-566a7661 elementor-section-boxed elementor-section-height-default elementor-section-height-default\" data-id=\"566a7661\" data-element_type=\"section\">\n\t\t\t\t\t\t<div class=\"elementor-container elementor-column-gap-default\">\n\t\t\t\t\t<div class=\"elementor-column elementor-col-50 elementor-top-column elementor-element elementor-element-513b5430\" data-id=\"513b5430\" data-element_type=\"column\">\n\t\t\t<div class=\"elementor-widget-wrap elementor-element-populated\">\n\t\t\t\t\t\t<div class=\"elementor-element elementor-element-66d70554 elementor-widget elementor-widget-heading\" data-id=\"66d70554\" data-element_type=\"widget\" data-widget_type=\"heading.default\">\n\t\t\t\t<div class=\"elementor-widget-container\">\n\t\t\t<h2 class=\"elementor-heading-title elementor-size-default\">Ein atypischer Ort<br>\nund einzigartig gewidmet<br>\nder zeitgen\u00f6ssischen Kunst<\/h2>\t\t<\/div>\n\t\t\t\t<\/div>\n\t\t\t\t<div class=\"elementor-element elementor-element-7c1fcba7 elementor-widget elementor-widget-text-editor\" data-id=\"7c1fcba7\" data-element_type=\"widget\" data-widget_type=\"text-editor.default\">\n\t\t\t\t<div class=\"elementor-widget-container\">\n\t\t\t<style>\/*! elementor - v3.23.0 - 05-08-2024 *\/\n.elementor-widget-text-editor.elementor-drop-cap-view-stacked .elementor-drop-cap{background-color:#69727d;color:#fff}.elementor-widget-text-editor.elementor-drop-cap-view-framed .elementor-drop-cap{color:#69727d;border:3px solid;background-color:transparent}.elementor-widget-text-editor:not(.elementor-drop-cap-view-default) .elementor-drop-cap{margin-top:8px}.elementor-widget-text-editor:not(.elementor-drop-cap-view-default) .elementor-drop-cap-letter{width:1em;height:1em}.elementor-widget-text-editor .elementor-drop-cap{float:left;text-align:center;line-height:1;font-size:50px}.elementor-widget-text-editor .elementor-drop-cap-letter{display:inline-block}<\/style>\t\t\t\t<p>Es bedurfte nur eines Funkens und einer Prise K\u00fchnheit, um das Projekt<strong> Ch\u00e2teau Charleval<\/strong> ins Leben zu rufen. <strong>Daniel Rocher<\/strong>, der K\u00fcnstler, Eigent\u00fcmer, M\u00e4zen und Sammler, hat dieses geschichtstr\u00e4chtige architektonische Juwel aus der Mitte des 19. Jahrhunderts in einen atypischen Ort in der Provence verwandelt, der ganz der zeitgen\u00f6ssischen Kunst gewidmet ist.<br \/>F\u00fcr Daniel Rocher bedeutet Kunst, &#8222;dem Menschen das Beste zu geben, was er in sich tr\u00e4gt, jenseits aller politischen oder religi\u00f6sen Berechnungen, wie es in der Vergangenheit der Fall war&#8220;. Deshalb ist es von entscheidender Bedeutung, ihm den Platz einzur\u00e4umen, den er verdient.<br \/>An der Kreuzung der Departements Bouches-du-Rh\u00f4ne und Vaucluse, zwischen Aix-en-Provence, La Roque d&#8217;Anth\u00e9ron und den D\u00f6rfern des Luberon, bietet das <b>Ch\u00e2teau Charleval<\/b> Sammlern und Liebhabern zeitgen\u00f6ssischer Kunst eine au\u00dfergew\u00f6hnliche kulturelle Auszeit. Die Werke von etwa zwanzig K\u00fcnstlern, die meisten davon aus S\u00fcdfrankreich, werden an diesem einzigartigen Ort versammelt.<\/p>\t\t\t\t\t\t<\/div>\n\t\t\t\t<\/div>\n\t\t\t\t<div class=\"elementor-element elementor-element-52417cf8 elementor-widget elementor-widget-image\" data-id=\"52417cf8\" data-element_type=\"widget\" data-widget_type=\"image.default\">\n\t\t\t\t<div class=\"elementor-widget-container\">\n\t\t\t<style>\/*! elementor - v3.23.0 - 05-08-2024 *\/\n.elementor-widget-image{text-align:center}.elementor-widget-image a{display:inline-block}.elementor-widget-image a img[src$=\".svg\"]{width:48px}.elementor-widget-image img{vertical-align:middle;display:inline-block}<\/style>\t\t\t\t\t\t\t\t\t\t<img fetchpriority=\"high\" decoding=\"async\" width=\"550\" height=\"842\" src=\"https:\/\/www.chateau-charleval.fr\/wp-content\/uploads\/2021\/12\/020_Charleval_.jpg\" class=\"attachment-large size-large wp-image-1031\" alt=\"\" srcset=\"https:\/\/www.chateau-charleval.fr\/wp-content\/uploads\/2021\/12\/020_Charleval_.jpg 550w, https:\/\/www.chateau-charleval.fr\/wp-content\/uploads\/2021\/12\/020_Charleval_-196x300.jpg 196w\" sizes=\"(max-width: 550px) 100vw, 550px\" \/>\t\t\t\t\t\t\t\t\t\t\t\t\t<\/div>\n\t\t\t\t<\/div>\n\t\t\t\t\t<\/div>\n\t\t<\/div>\n\t\t\t\t<div class=\"elementor-column elementor-col-50 elementor-top-column elementor-element elementor-element-60a4cee1\" data-id=\"60a4cee1\" data-element_type=\"column\">\n\t\t\t<div class=\"elementor-widget-wrap elementor-element-populated\">\n\t\t\t\t\t\t<div class=\"elementor-element elementor-element-4b0b4e62 elementor-widget elementor-widget-image\" data-id=\"4b0b4e62\" data-element_type=\"widget\" data-widget_type=\"image.default\">\n\t\t\t\t<div class=\"elementor-widget-container\">\n\t\t\t\t\t\t\t\t\t\t\t\t\t<img decoding=\"async\" width=\"550\" height=\"430\" src=\"https:\/\/www.chateau-charleval.fr\/wp-content\/uploads\/2021\/12\/118_Charleval_.jpg\" class=\"attachment-full size-full wp-image-1047\" alt=\"\" srcset=\"https:\/\/www.chateau-charleval.fr\/wp-content\/uploads\/2021\/12\/118_Charleval_.jpg 550w, https:\/\/www.chateau-charleval.fr\/wp-content\/uploads\/2021\/12\/118_Charleval_-300x235.jpg 300w\" sizes=\"(max-width: 550px) 100vw, 550px\" \/>\t\t\t\t\t\t\t\t\t\t\t\t\t<\/div>\n\t\t\t\t<\/div>\n\t\t\t\t<div class=\"elementor-element elementor-element-13d6e46b elementor-widget elementor-widget-image\" data-id=\"13d6e46b\" data-element_type=\"widget\" data-widget_type=\"image.default\">\n\t\t\t\t<div class=\"elementor-widget-container\">\n\t\t\t\t\t\t\t\t\t\t\t\t\t<img decoding=\"async\" width=\"550\" height=\"430\" src=\"https:\/\/www.chateau-charleval.fr\/wp-content\/uploads\/2021\/12\/028_Charleval_.jpg\" class=\"attachment-full size-full wp-image-1037\" alt=\"\" srcset=\"https:\/\/www.chateau-charleval.fr\/wp-content\/uploads\/2021\/12\/028_Charleval_.jpg 550w, https:\/\/www.chateau-charleval.fr\/wp-content\/uploads\/2021\/12\/028_Charleval_-300x235.jpg 300w\" sizes=\"(max-width: 550px) 100vw, 550px\" \/>\t\t\t\t\t\t\t\t\t\t\t\t\t<\/div>\n\t\t\t\t<\/div>\n\t\t\t\t<div class=\"elementor-element elementor-element-3bbb717a elementor-widget elementor-widget-heading\" data-id=\"3bbb717a\" data-element_type=\"widget\" data-widget_type=\"heading.default\">\n\t\t\t\t<div class=\"elementor-widget-container\">\n\t\t\t<h3 class=\"elementor-heading-title elementor-size-default\">Eine au\u00dfergew\u00f6hnliche Auszeit f\u00fcr Sammler und Liebhaber zeitgen\u00f6ssischer Kunst<\/h3>\t\t<\/div>\n\t\t\t\t<\/div>\n\t\t\t\t<div class=\"elementor-element elementor-element-7d439a5b elementor-widget elementor-widget-image\" data-id=\"7d439a5b\" data-element_type=\"widget\" data-widget_type=\"image.default\">\n\t\t\t\t<div class=\"elementor-widget-container\">\n\t\t\t\t\t\t\t\t\t\t\t\t\t<img loading=\"lazy\" decoding=\"async\" width=\"550\" height=\"430\" src=\"https:\/\/www.chateau-charleval.fr\/wp-content\/uploads\/2021\/12\/140_Charleval_.jpg\" class=\"attachment-large size-large wp-image-1041\" alt=\"\" srcset=\"https:\/\/www.chateau-charleval.fr\/wp-content\/uploads\/2021\/12\/140_Charleval_.jpg 550w, https:\/\/www.chateau-charleval.fr\/wp-content\/uploads\/2021\/12\/140_Charleval_-300x235.jpg 300w\" sizes=\"(max-width: 550px) 100vw, 550px\" \/>\t\t\t\t\t\t\t\t\t\t\t\t\t<\/div>\n\t\t\t\t<\/div>\n\t\t\t\t\t<\/div>\n\t\t<\/div>\n\t\t\t\t\t<\/div>\n\t\t<\/section>\n\t\t\t\t<\/div>\n\t\t","protected":false},"excerpt":{"rendered":"<p>Seite Schloss Charleval Ein atypischer Ort und einzigartig gewidmet der zeitgen\u00f6ssischen Kunst Es bedurfte nur eines Funkens und einer Prise K\u00fchnheit, um das Projekt Ch\u00e2teau Charleval ins Leben zu rufen. Daniel Rocher, der K\u00fcnstler, Eigent\u00fcmer, M\u00e4zen und Sammler, hat dieses geschichtstr\u00e4chtige architektonische Juwel aus der Mitte des 19. Jahrhunderts in einen atypischen Ort in der [&hellip;]<\/p>\n","protected":false},"author":1,"featured_media":0,"parent":0,"menu_order":0,"comment_status":"closed","ping_status":"closed","template":"elementor_header_footer","meta":{"inline_featured_image":false,"footnotes":""},"_links":{"self":[{"href":"https:\/\/www.chateau-charleval.fr\/de\/wp-json\/wp\/v2\/pages\/4508"}],"collection":[{"href":"https:\/\/www.chateau-charleval.fr\/de\/wp-json\/wp\/v2\/pages"}],"about":[{"href":"https:\/\/www.chateau-charleval.fr\/de\/wp-json\/wp\/v2\/types\/page"}],"author":[{"embeddable":true,"href":"https:\/\/www.chateau-charleval.fr\/de\/wp-json\/wp\/v2\/users\/1"}],"replies":[{"embeddable":true,"href":"https:\/\/www.chateau-charleval.fr\/de\/wp-json\/wp\/v2\/comments?post=4508"}],"version-history":[{"count":6,"href":"https:\/\/www.chateau-charleval.fr\/de\/wp-json\/wp\/v2\/pages\/4508\/revisions"}],"predecessor-version":[{"id":5105,"href":"https:\/\/www.chateau-charleval.fr\/de\/wp-json\/wp\/v2\/pages\/4508\/revisions\/5105"}],"wp:attachment":[{"href":"https:\/\/www.chateau-charleval.fr\/de\/wp-json\/wp\/v2\/media?parent=4508"}],"curies":[{"name":"wp","href":"https:\/\/api.w.org\/{rel}","templated":true}]}}